{"id":88,"date":"2026-03-05T21:06:17","date_gmt":"2026-03-05T21:06:17","guid":{"rendered":"https:\/\/212.edukovac.xyz\/?page_id=88"},"modified":"2026-03-17T12:27:53","modified_gmt":"2026-03-17T12:27:53","slug":"lenami-kontakt","status":"publish","type":"page","link":"https:\/\/212.edukovac.xyz\/index.php\/lenami-kontakt\/","title":{"rendered":"Lenami kontakt"},"content":{"rendered":"\t\t<div data-elementor-type=\"wp-page\" data-elementor-id=\"88\" class=\"elementor elementor-88\" data-elementor-post-type=\"page\">\n\t\t\t\t<div class=\"elementor-element elementor-element-2014f3c e-flex e-con-boxed e-con e-parent\" data-id=\"2014f3c\" data-element_type=\"container\" data-e-type=\"container\">\n\t\t\t\t\t<div class=\"e-con-inner\">\n\t\t\t\t<div class=\"elementor-element elementor-element-65be378 elementor-widget elementor-widget-text-editor\" data-id=\"65be378\" data-element_type=\"widget\" data-e-type=\"widget\" data-widget_type=\"text-editor.default\">\n\t\t\t\t\t\t\t\t\t<p>Imate pitanje o proizvodima ili \u017eelite ru\u010dno pleteni komad posebno napravljen za va\u0161u bebu?<\/p><p>Bi\u0107e nam zadovoljstvo da Vam pomognemo.<\/p><p>Lenami Handmade sa ljubavlju izra\u0111uje ne\u017ene, ru\u010dno pletene proizvode za najmla\u0111e.<\/p><p>Slobodno nam pi\u0161ite &#8211; odgovori\u0107emo Vam u najkra\u0107em roku.<\/p>\t\t\t\t\t\t\t\t<\/div>\n\t\t\t\t\t<\/div>\n\t\t\t\t<\/div>\n\t\t<div class=\"elementor-element elementor-element-19cf94c e-flex e-con-boxed e-con e-parent\" data-id=\"19cf94c\" data-element_type=\"container\" data-e-type=\"container\">\n\t\t\t\t\t<div class=\"e-con-inner\">\n\t\t<div class=\"elementor-element elementor-element-43091fd e-con-full e-flex e-con e-child\" data-id=\"43091fd\" data-element_type=\"container\" data-e-type=\"container\">\n\t\t\t\t<div class=\"elementor-element elementor-element-41b77b0 elementor-widget elementor-widget-text-editor\" data-id=\"41b77b0\" data-element_type=\"widget\" data-e-type=\"widget\" data-widget_type=\"text-editor.default\">\n\t\t\t\t\t\t\t\t\t<p>\u00a0<\/p><p>Email: lenami.handmade@email.com<\/p><p>Telefon\/Viber: +3810631234567<\/p><p>Lokacija: Jagodina, Srbija<\/p>\t\t\t\t\t\t\t\t<\/div>\n\t\t\t\t<\/div>\n\t\t<div class=\"elementor-element elementor-element-d048dcf e-con-full e-flex e-con e-child\" data-id=\"d048dcf\" data-element_type=\"container\" data-e-type=\"container\">\n\t\t\t\t<div class=\"elementor-element elementor-element-5a8dd23 elementor-widget elementor-widget-image\" data-id=\"5a8dd23\" data-element_type=\"widget\" data-e-type=\"widget\" data-widget_type=\"image.default\">\n\t\t\t\t\t\t\t\t\t\t\t\t\t\t\t<img fetchpriority=\"high\" decoding=\"async\" width=\"683\" height=\"1024\" src=\"https:\/\/212.edukovac.xyz\/wp-content\/uploads\/2026\/03\/1000008080-683x1024.png\" class=\"attachment-large size-large wp-image-109\" alt=\"\" srcset=\"https:\/\/212.edukovac.xyz\/wp-content\/uploads\/2026\/03\/1000008080-683x1024.png 683w, https:\/\/212.edukovac.xyz\/wp-content\/uploads\/2026\/03\/1000008080-200x300.png 200w, https:\/\/212.edukovac.xyz\/wp-content\/uploads\/2026\/03\/1000008080-768x1152.png 768w, https:\/\/212.edukovac.xyz\/wp-content\/uploads\/2026\/03\/1000008080.png 1024w\" sizes=\"(max-width: 683px) 100vw, 683px\" \/>\t\t\t\t\t\t\t\t\t\t\t\t\t\t\t<\/div>\n\t\t\t\t<\/div>\n\t\t\t\t\t<\/div>\n\t\t\t\t<\/div>\n\t\t<div class=\"elementor-element elementor-element-ca85772 e-flex e-con-boxed e-con e-parent\" data-id=\"ca85772\" data-element_type=\"container\" data-e-type=\"container\">\n\t\t\t\t\t<div class=\"e-con-inner\">\n\t\t\t\t<div class=\"elementor-element elementor-element-a84a6d2 elementor-widget elementor-widget-heading\" data-id=\"a84a6d2\" data-element_type=\"widget\" data-e-type=\"widget\" data-widget_type=\"heading.default\">\n\t\t\t\t\t<h2 class=\"elementor-heading-title elementor-size-default\">Zapratite nas na instagramu:<\/h2>\t\t\t\t<\/div>\n\t\t\t\t\t<\/div>\n\t\t\t\t<\/div>\n\t\t<div class=\"elementor-element elementor-element-f41ddfd e-flex e-con-boxed e-con e-parent\" data-id=\"f41ddfd\" data-element_type=\"container\" data-e-type=\"container\">\n\t\t\t\t\t<div class=\"e-con-inner\">\n\t\t\t\t<div class=\"elementor-element elementor-element-4ff0f74 elementor-widget elementor-widget-text-editor\" data-id=\"4ff0f74\" data-element_type=\"widget\" data-e-type=\"widget\" data-widget_type=\"text-editor.default\">\n\t\t\t\t\t\t\t\t\t<p>@lenamihandmade<\/p>\t\t\t\t\t\t\t\t<\/div>\n\t\t\t\t\t<\/div>\n\t\t\t\t<\/div>\n\t\t<div class=\"elementor-element elementor-element-a96e533 e-flex e-con-boxed e-con e-parent\" data-id=\"a96e533\" data-element_type=\"container\" data-e-type=\"container\">\n\t\t\t\t\t<div class=\"e-con-inner\">\n\t\t\t\t<div class=\"elementor-element elementor-element-bff51b0 elementor-align-center elementor-widget elementor-widget-button\" data-id=\"bff51b0\" data-element_type=\"widget\" data-e-type=\"widget\" data-widget_type=\"button.default\">\n\t\t\t\t\t\t\t\t\t\t<a class=\"elementor-button elementor-button-link elementor-size-sm\" href=\"#\">\n\t\t\t\t\t\t<span class=\"elementor-button-content-wrapper\">\n\t\t\t\t\t\t<span class=\"elementor-button-icon\">\n\t\t\t\t<svg aria-hidden=\"true\" class=\"e-font-icon-svg e-fas-phone-square-alt\" viewBox=\"0 0 448 512\" xmlns=\"http:\/\/www.w3.org\/2000\/svg\"><path d=\"M400 32H48A48 48 0 0 0 0 80v352a48 48 0 0 0 48 48h352a48 48 0 0 0 48-48V80a48 48 0 0 0-48-48zm-16.39 307.37l-15 65A15 15 0 0 1 354 416C194 416 64 286.29 64 126a15.7 15.7 0 0 1 11.63-14.61l65-15A18.23 18.23 0 0 1 144 96a16.27 16.27 0 0 1 13.79 9.09l30 70A17.9 17.9 0 0 1 189 181a17 17 0 0 1-5.5 11.61l-37.89 31a231.91 231.91 0 0 0 110.78 110.78l31-37.89A17 17 0 0 1 299 291a17.85 17.85 0 0 1 5.91 1.21l70 30A16.25 16.25 0 0 1 384 336a17.41 17.41 0 0 1-.39 3.37z\"><\/path><\/svg>\t\t\t<\/span>\n\t\t\t\t\t\t\t\t\t<span class=\"elementor-button-text\">Kontaktirajte nas<\/span>\n\t\t\t\t\t<\/span>\n\t\t\t\t\t<\/a>\n\t\t\t\t\t\t\t\t<\/div>\n\t\t\t\t\t<\/div>\n\t\t\t\t<\/div>\n\t\t\t\t<\/div>\n\t\t","protected":false},"excerpt":{"rendered":"<p>Imate pitanje o proizvodima ili \u017eelite ru\u010dno pleteni komad posebno napravljen za va\u0161u bebu? Bi\u0107e nam zadovoljstvo da Vam pomognemo. Lenami Handmade sa ljubavlju izra\u0111uje ne\u017ene, ru\u010dno pletene proizvode za najmla\u0111e. Slobodno nam pi\u0161ite &#8211; odgovori\u0107emo Vam u najkra\u0107em roku. \u00a0 Email: lenami.handmade@email.com Telefon\/Viber: +3810631234567 Lokacija: Jagodina, Srbija Zapratite nas na instagramu: @lenamihandmade Kontaktirajte nas<\/p>\n","protected":false},"author":1,"featured_media":0,"parent":0,"menu_order":0,"comment_status":"closed","ping_status":"closed","template":"","meta":{"footnotes":""},"class_list":["post-88","page","type-page","status-publish","hentry"],"jetpack_sharing_enabled":true,"_links":{"self":[{"href":"https:\/\/212.edukovac.xyz\/index.php\/wp-json\/wp\/v2\/pages\/88","targetHints":{"allow":["GET"]}}],"collection":[{"href":"https:\/\/212.edukovac.xyz\/index.php\/wp-json\/wp\/v2\/pages"}],"about":[{"href":"https:\/\/212.edukovac.xyz\/index.php\/wp-json\/wp\/v2\/types\/page"}],"author":[{"embeddable":true,"href":"https:\/\/212.edukovac.xyz\/index.php\/wp-json\/wp\/v2\/users\/1"}],"replies":[{"embeddable":true,"href":"https:\/\/212.edukovac.xyz\/index.php\/wp-json\/wp\/v2\/comments?post=88"}],"version-history":[{"count":16,"href":"https:\/\/212.edukovac.xyz\/index.php\/wp-json\/wp\/v2\/pages\/88\/revisions"}],"predecessor-version":[{"id":127,"href":"https:\/\/212.edukovac.xyz\/index.php\/wp-json\/wp\/v2\/pages\/88\/revisions\/127"}],"wp:attachment":[{"href":"https:\/\/212.edukovac.xyz\/index.php\/wp-json\/wp\/v2\/media?parent=88"}],"curies":[{"name":"wp","href":"https:\/\/api.w.org\/{rel}","templated":true}]}}