{"id":65,"date":"2026-03-01T19:13:49","date_gmt":"2026-03-01T19:13:49","guid":{"rendered":"https:\/\/212.edukovac.xyz\/?page_id=65"},"modified":"2026-03-17T11:40:37","modified_gmt":"2026-03-17T11:40:37","slug":"lenami-kolekcija","status":"publish","type":"page","link":"https:\/\/212.edukovac.xyz\/index.php\/lenami-kolekcija\/","title":{"rendered":"Lenami Kolekcija"},"content":{"rendered":"\t\t<div data-elementor-type=\"wp-page\" data-elementor-id=\"65\" class=\"elementor elementor-65\" data-elementor-post-type=\"page\">\n\t\t\t\t<div class=\"elementor-element elementor-element-15fa5fa e-con-full e-flex e-con e-parent\" data-id=\"15fa5fa\" data-element_type=\"container\" data-e-type=\"container\">\n\t\t\t\t<div class=\"elementor-element elementor-element-57146d1 elementor-widget elementor-widget-image\" data-id=\"57146d1\" data-element_type=\"widget\" data-e-type=\"widget\" data-widget_type=\"image.default\">\n\t\t\t\t\t\t\t\t\t\t\t\t\t\t\t<img decoding=\"async\" src=\"https:\/\/212.edukovac.xyz\/wp-content\/uploads\/elementor\/thumbs\/1000007892-1-rjvr0ldjspl6wlvxg0jt04hvqqg62e7us3rz72ixdc.png\" title=\"1000007892-1\" alt=\"1000007892-1\" loading=\"lazy\" \/>\t\t\t\t\t\t\t\t\t\t\t\t\t\t\t<\/div>\n\t\t\t\t<\/div>\n\t\t<div class=\"elementor-element elementor-element-4c65449 e-con-full e-flex e-con e-parent\" data-id=\"4c65449\" data-element_type=\"container\" data-e-type=\"container\">\n\t\t\t\t<div class=\"elementor-element elementor-element-3a20db3 elementor-widget elementor-widget-heading\" data-id=\"3a20db3\" data-element_type=\"widget\" data-e-type=\"widget\" data-widget_type=\"heading.default\">\n\t\t\t\t\t<h2 class=\"elementor-heading-title elementor-size-default\">Kolekcija Lenami Handmade<\/h2>\t\t\t\t<\/div>\n\t\t\t\t<\/div>\n\t\t<div class=\"elementor-element elementor-element-9cee256 e-flex e-con-boxed e-con e-parent\" data-id=\"9cee256\" data-element_type=\"container\" data-e-type=\"container\">\n\t\t\t\t\t<div class=\"e-con-inner\">\n\t\t\t\t<div class=\"elementor-element elementor-element-b04e837 elementor-widget elementor-widget-text-editor\" data-id=\"b04e837\" data-element_type=\"widget\" data-e-type=\"widget\" data-widget_type=\"text-editor.default\">\n\t\t\t\t\t\t\t\t\t<p>Ru\u010dno ra\u0111eni komadi ispunjeni ne\u017eno\u0161\u0107u, toplinom i pa\u017enjom<\/p>\t\t\t\t\t\t\t\t<\/div>\n\t\t\t\t\t<\/div>\n\t\t\t\t<\/div>\n\t\t<div class=\"elementor-element elementor-element-164c9d2 e-flex e-con-boxed e-con e-parent\" data-id=\"164c9d2\" data-element_type=\"container\" data-e-type=\"container\">\n\t\t\t\t\t<div class=\"e-con-inner\">\n\t\t\t\t<div class=\"elementor-element elementor-element-2d4dc1e elementor-widget-divider--view-line elementor-widget elementor-widget-divider\" data-id=\"2d4dc1e\" data-element_type=\"widget\" data-e-type=\"widget\" data-widget_type=\"divider.default\">\n\t\t\t\t\t\t\t<div class=\"elementor-divider\">\n\t\t\t<span class=\"elementor-divider-separator\">\n\t\t\t\t\t\t<\/span>\n\t\t<\/div>\n\t\t\t\t\t\t<\/div>\n\t\t\t\t\t<\/div>\n\t\t\t\t<\/div>\n\t\t<div class=\"elementor-element elementor-element-e4b0a39 e-flex e-con-boxed e-con e-parent\" data-id=\"e4b0a39\" data-element_type=\"container\" data-e-type=\"container\">\n\t\t\t\t\t<div class=\"e-con-inner\">\n\t\t\t\t<div class=\"elementor-element elementor-element-695493c elementor-widget elementor-widget-heading\" data-id=\"695493c\" data-element_type=\"widget\" data-e-type=\"widget\" data-widget_type=\"heading.default\">\n\t\t\t\t\t<h2 class=\"elementor-heading-title elementor-size-default\">\u0106ebenca<\/h2>\t\t\t\t<\/div>\n\t\t\t\t\t<\/div>\n\t\t\t\t<\/div>\n\t\t<div class=\"elementor-element elementor-element-70b1bf4 e-flex e-con-boxed e-con e-parent\" data-id=\"70b1bf4\" data-element_type=\"container\" data-e-type=\"container\">\n\t\t\t\t\t<div class=\"e-con-inner\">\n\t\t\t\t<div class=\"elementor-element elementor-element-6527a1d elementor-widget-divider--view-line elementor-widget elementor-widget-divider\" data-id=\"6527a1d\" data-element_type=\"widget\" data-e-type=\"widget\" data-widget_type=\"divider.default\">\n\t\t\t\t\t\t\t<div class=\"elementor-divider\">\n\t\t\t<span class=\"elementor-divider-separator\">\n\t\t\t\t\t\t<\/span>\n\t\t<\/div>\n\t\t\t\t\t\t<\/div>\n\t\t\t\t\t<\/div>\n\t\t\t\t<\/div>\n\t\t<div class=\"elementor-element elementor-element-ddd863a e-flex e-con-boxed e-con e-parent\" data-id=\"ddd863a\" data-element_type=\"container\" data-e-type=\"container\">\n\t\t\t\t\t<div class=\"e-con-inner\">\n\t\t<div class=\"elementor-element elementor-element-f16fbb3 e-con-full e-flex e-con e-child\" data-id=\"f16fbb3\" data-element_type=\"container\" data-e-type=\"container\">\n\t\t\t\t<div class=\"elementor-element elementor-element-ed59410 elementor-widget elementor-widget-heading\" data-id=\"ed59410\" data-element_type=\"widget\" data-e-type=\"widget\" data-widget_type=\"heading.default\">\n\t\t\t\t\t<h2 class=\"elementor-heading-title elementor-size-default\">Roze \u0107ebence<\/h2>\t\t\t\t<\/div>\n\t\t\t\t<\/div>\n\t\t<div class=\"elementor-element elementor-element-3fe4ceb e-con-full e-flex e-con e-child\" data-id=\"3fe4ceb\" data-element_type=\"container\" data-e-type=\"container\">\n\t\t\t\t<div class=\"elementor-element elementor-element-2cc8e1b elementor-widget elementor-widget-heading\" data-id=\"2cc8e1b\" data-element_type=\"widget\" data-e-type=\"widget\" data-widget_type=\"heading.default\">\n\t\t\t\t\t<h2 class=\"elementor-heading-title elementor-size-default\">Plavo \u0107ebence<\/h2>\t\t\t\t<\/div>\n\t\t\t\t<\/div>\n\t\t<div class=\"elementor-element elementor-element-31ce138 e-con-full e-flex e-con e-child\" data-id=\"31ce138\" data-element_type=\"container\" data-e-type=\"container\">\n\t\t\t\t<div class=\"elementor-element elementor-element-bc672a9 elementor-widget elementor-widget-image\" data-id=\"bc672a9\" data-element_type=\"widget\" data-e-type=\"widget\" data-widget_type=\"image.default\">\n\t\t\t\t\t\t\t\t\t\t\t\t\t\t\t<img fetchpriority=\"high\" decoding=\"async\" width=\"300\" height=\"300\" src=\"https:\/\/212.edukovac.xyz\/wp-content\/uploads\/2026\/03\/file_000000002548720a8cb42115fc9ab0a4-300x300.png\" class=\"attachment-medium size-medium wp-image-73\" alt=\"\" srcset=\"https:\/\/212.edukovac.xyz\/wp-content\/uploads\/2026\/03\/file_000000002548720a8cb42115fc9ab0a4-300x300.png 300w, https:\/\/212.edukovac.xyz\/wp-content\/uploads\/2026\/03\/file_000000002548720a8cb42115fc9ab0a4-150x150.png 150w, https:\/\/212.edukovac.xyz\/wp-content\/uploads\/2026\/03\/file_000000002548720a8cb42115fc9ab0a4-768x768.png 768w, https:\/\/212.edukovac.xyz\/wp-content\/uploads\/2026\/03\/file_000000002548720a8cb42115fc9ab0a4.png 1024w\" sizes=\"(max-width: 300px) 100vw, 300px\" \/>\t\t\t\t\t\t\t\t\t\t\t\t\t\t\t<\/div>\n\t\t\t\t<\/div>\n\t\t<div class=\"elementor-element elementor-element-5070d25 e-con-full e-flex e-con e-child\" data-id=\"5070d25\" data-element_type=\"container\" data-e-type=\"container\">\n\t\t\t\t<div class=\"elementor-element elementor-element-2fd4510 elementor-widget elementor-widget-image\" data-id=\"2fd4510\" data-element_type=\"widget\" data-e-type=\"widget\" data-widget_type=\"image.default\">\n\t\t\t\t\t\t\t\t\t\t\t\t\t\t\t<img decoding=\"async\" width=\"300\" height=\"300\" src=\"https:\/\/212.edukovac.xyz\/wp-content\/uploads\/2026\/03\/file_00000000b7e07243bfaa30d33725fd17-300x300.png\" class=\"attachment-medium size-medium wp-image-74\" alt=\"\" srcset=\"https:\/\/212.edukovac.xyz\/wp-content\/uploads\/2026\/03\/file_00000000b7e07243bfaa30d33725fd17-300x300.png 300w, https:\/\/212.edukovac.xyz\/wp-content\/uploads\/2026\/03\/file_00000000b7e07243bfaa30d33725fd17-150x150.png 150w, https:\/\/212.edukovac.xyz\/wp-content\/uploads\/2026\/03\/file_00000000b7e07243bfaa30d33725fd17-768x768.png 768w, https:\/\/212.edukovac.xyz\/wp-content\/uploads\/2026\/03\/file_00000000b7e07243bfaa30d33725fd17.png 1024w\" sizes=\"(max-width: 300px) 100vw, 300px\" \/>\t\t\t\t\t\t\t\t\t\t\t\t\t\t\t<\/div>\n\t\t\t\t<\/div>\n\t\t\t\t\t<\/div>\n\t\t\t\t<\/div>\n\t\t<div class=\"elementor-element elementor-element-85b2e8d e-flex e-con-boxed e-con e-parent\" data-id=\"85b2e8d\" data-element_type=\"container\" data-e-type=\"container\">\n\t\t\t\t\t<div class=\"e-con-inner\">\n\t\t<div class=\"elementor-element elementor-element-a605190 e-con-full e-flex e-con e-child\" data-id=\"a605190\" data-element_type=\"container\" data-e-type=\"container\">\n\t\t\t\t<div class=\"elementor-element elementor-element-851cfc1 elementor-widget elementor-widget-heading\" data-id=\"851cfc1\" data-element_type=\"widget\" data-e-type=\"widget\" data-widget_type=\"heading.default\">\n\t\t\t\t\t<h2 class=\"elementor-heading-title elementor-size-default\">Maslinasto \u0107ebence<\/h2>\t\t\t\t<\/div>\n\t\t\t\t<\/div>\n\t\t<div class=\"elementor-element elementor-element-8874c5e e-con-full e-flex e-con e-child\" data-id=\"8874c5e\" data-element_type=\"container\" data-e-type=\"container\">\n\t\t\t\t<div class=\"elementor-element elementor-element-aa3264f elementor-widget elementor-widget-heading\" data-id=\"aa3264f\" data-element_type=\"widget\" data-e-type=\"widget\" data-widget_type=\"heading.default\">\n\t\t\t\t\t<h2 class=\"elementor-heading-title elementor-size-default\">Karamel \u0107ebence<\/h2>\t\t\t\t<\/div>\n\t\t\t\t<\/div>\n\t\t<div class=\"elementor-element elementor-element-6a2d4c8 e-con-full e-flex e-con e-child\" data-id=\"6a2d4c8\" data-element_type=\"container\" data-e-type=\"container\">\n\t\t\t\t<div class=\"elementor-element elementor-element-000dc37 elementor-widget elementor-widget-image\" data-id=\"000dc37\" data-element_type=\"widget\" data-e-type=\"widget\" data-widget_type=\"image.default\">\n\t\t\t\t\t\t\t\t\t\t\t\t\t\t\t<img decoding=\"async\" width=\"300\" height=\"300\" src=\"https:\/\/212.edukovac.xyz\/wp-content\/uploads\/2026\/03\/1000007889-300x300.png\" class=\"attachment-medium size-medium wp-image-75\" alt=\"\" srcset=\"https:\/\/212.edukovac.xyz\/wp-content\/uploads\/2026\/03\/1000007889-300x300.png 300w, https:\/\/212.edukovac.xyz\/wp-content\/uploads\/2026\/03\/1000007889-150x150.png 150w, https:\/\/212.edukovac.xyz\/wp-content\/uploads\/2026\/03\/1000007889-768x768.png 768w, https:\/\/212.edukovac.xyz\/wp-content\/uploads\/2026\/03\/1000007889.png 1024w\" sizes=\"(max-width: 300px) 100vw, 300px\" \/>\t\t\t\t\t\t\t\t\t\t\t\t\t\t\t<\/div>\n\t\t\t\t<\/div>\n\t\t<div class=\"elementor-element elementor-element-f5f5fb8 e-con-full e-flex e-con e-child\" data-id=\"f5f5fb8\" data-element_type=\"container\" data-e-type=\"container\">\n\t\t\t\t<div class=\"elementor-element elementor-element-4dada84 elementor-widget elementor-widget-image\" data-id=\"4dada84\" data-element_type=\"widget\" data-e-type=\"widget\" data-widget_type=\"image.default\">\n\t\t\t\t\t\t\t\t\t\t\t\t\t\t\t<img loading=\"lazy\" decoding=\"async\" width=\"300\" height=\"300\" src=\"https:\/\/212.edukovac.xyz\/wp-content\/uploads\/2026\/03\/1000007892-2-300x300.png\" class=\"attachment-medium size-medium wp-image-76\" alt=\"\" srcset=\"https:\/\/212.edukovac.xyz\/wp-content\/uploads\/2026\/03\/1000007892-2-300x300.png 300w, https:\/\/212.edukovac.xyz\/wp-content\/uploads\/2026\/03\/1000007892-2-150x150.png 150w, https:\/\/212.edukovac.xyz\/wp-content\/uploads\/2026\/03\/1000007892-2-768x768.png 768w, https:\/\/212.edukovac.xyz\/wp-content\/uploads\/2026\/03\/1000007892-2.png 1024w\" sizes=\"(max-width: 300px) 100vw, 300px\" \/>\t\t\t\t\t\t\t\t\t\t\t\t\t\t\t<\/div>\n\t\t\t\t<\/div>\n\t\t\t\t\t<\/div>\n\t\t\t\t<\/div>\n\t\t<div class=\"elementor-element elementor-element-798d0ab e-flex e-con-boxed e-con e-parent\" data-id=\"798d0ab\" data-element_type=\"container\" data-e-type=\"container\">\n\t\t\t\t\t<div class=\"e-con-inner\">\n\t\t\t\t<div class=\"elementor-element elementor-element-48cc953 elementor-widget elementor-widget-heading\" data-id=\"48cc953\" data-element_type=\"widget\" data-e-type=\"widget\" data-widget_type=\"heading.default\">\n\t\t\t\t\t<h2 class=\"elementor-heading-title elementor-size-default\">Patofnice  <\/h2>\t\t\t\t<\/div>\n\t\t\t\t\t<\/div>\n\t\t\t\t<\/div>\n\t\t<div class=\"elementor-element elementor-element-a6d3dea e-flex e-con-boxed e-con e-parent\" data-id=\"a6d3dea\" data-element_type=\"container\" data-e-type=\"container\">\n\t\t\t\t\t<div class=\"e-con-inner\">\n\t\t<div class=\"elementor-element elementor-element-85984f0 e-con-full e-flex e-con e-child\" data-id=\"85984f0\" data-element_type=\"container\" data-e-type=\"container\">\n\t\t\t\t<div class=\"elementor-element elementor-element-449d081 elementor-widget elementor-widget-text-editor\" data-id=\"449d081\" data-element_type=\"widget\" data-e-type=\"widget\" data-widget_type=\"text-editor.default\">\n\t\t\t\t\t\t\t\t\t<p><strong>Roze patofnice<\/strong><\/p>\t\t\t\t\t\t\t\t<\/div>\n\t\t\t\t<\/div>\n\t\t<div class=\"elementor-element elementor-element-79d2231 e-con-full e-flex e-con e-child\" data-id=\"79d2231\" data-element_type=\"container\" data-e-type=\"container\">\n\t\t\t\t<div class=\"elementor-element elementor-element-8ef882f elementor-widget elementor-widget-text-editor\" data-id=\"8ef882f\" data-element_type=\"widget\" data-e-type=\"widget\" data-widget_type=\"text-editor.default\">\n\t\t\t\t\t\t\t\t\t<p><strong>Plave patofnice<\/strong><\/p>\t\t\t\t\t\t\t\t<\/div>\n\t\t\t\t<\/div>\n\t\t<div class=\"elementor-element elementor-element-725b2cd e-con-full e-flex e-con e-child\" data-id=\"725b2cd\" data-element_type=\"container\" data-e-type=\"container\">\n\t\t\t\t<div class=\"elementor-element elementor-element-9ad16b4 elementor-widget elementor-widget-image\" data-id=\"9ad16b4\" data-element_type=\"widget\" data-e-type=\"widget\" data-widget_type=\"image.default\">\n\t\t\t\t\t\t\t\t\t\t\t\t\t\t\t<img loading=\"lazy\" decoding=\"async\" width=\"800\" height=\"534\" src=\"https:\/\/212.edukovac.xyz\/wp-content\/uploads\/2026\/03\/1000007896-1024x683.png\" class=\"attachment-large size-large wp-image-81\" alt=\"\" srcset=\"https:\/\/212.edukovac.xyz\/wp-content\/uploads\/2026\/03\/1000007896-1024x683.png 1024w, https:\/\/212.edukovac.xyz\/wp-content\/uploads\/2026\/03\/1000007896-300x200.png 300w, https:\/\/212.edukovac.xyz\/wp-content\/uploads\/2026\/03\/1000007896-768x512.png 768w, https:\/\/212.edukovac.xyz\/wp-content\/uploads\/2026\/03\/1000007896.png 1536w\" sizes=\"(max-width: 800px) 100vw, 800px\" \/>\t\t\t\t\t\t\t\t\t\t\t\t\t\t\t<\/div>\n\t\t\t\t<\/div>\n\t\t<div class=\"elementor-element elementor-element-71c8525 e-con-full e-flex e-con e-child\" data-id=\"71c8525\" data-element_type=\"container\" data-e-type=\"container\">\n\t\t\t\t<div class=\"elementor-element elementor-element-136cb9b elementor-widget elementor-widget-image\" data-id=\"136cb9b\" data-element_type=\"widget\" data-e-type=\"widget\" data-widget_type=\"image.default\">\n\t\t\t\t\t\t\t\t\t\t\t\t\t\t\t<img loading=\"lazy\" decoding=\"async\" width=\"800\" height=\"534\" src=\"https:\/\/212.edukovac.xyz\/wp-content\/uploads\/2026\/03\/file_00000000f994720abcacce5ae7d86b4a-1024x683.png\" class=\"attachment-large size-large wp-image-82\" alt=\"\" srcset=\"https:\/\/212.edukovac.xyz\/wp-content\/uploads\/2026\/03\/file_00000000f994720abcacce5ae7d86b4a-1024x683.png 1024w, https:\/\/212.edukovac.xyz\/wp-content\/uploads\/2026\/03\/file_00000000f994720abcacce5ae7d86b4a-300x200.png 300w, https:\/\/212.edukovac.xyz\/wp-content\/uploads\/2026\/03\/file_00000000f994720abcacce5ae7d86b4a-768x512.png 768w, https:\/\/212.edukovac.xyz\/wp-content\/uploads\/2026\/03\/file_00000000f994720abcacce5ae7d86b4a.png 1536w\" sizes=\"(max-width: 800px) 100vw, 800px\" \/>\t\t\t\t\t\t\t\t\t\t\t\t\t\t\t<\/div>\n\t\t\t\t<\/div>\n\t\t\t\t\t<\/div>\n\t\t\t\t<\/div>\n\t\t<div class=\"elementor-element elementor-element-2ead020 e-flex e-con-boxed e-con e-parent\" data-id=\"2ead020\" data-element_type=\"container\" data-e-type=\"container\">\n\t\t\t\t\t<div class=\"e-con-inner\">\n\t\t<div class=\"elementor-element elementor-element-73277b8 e-con-full e-flex e-con e-child\" data-id=\"73277b8\" data-element_type=\"container\" data-e-type=\"container\">\n\t\t\t\t<div class=\"elementor-element elementor-element-ecf42f6 elementor-widget elementor-widget-heading\" data-id=\"ecf42f6\" data-element_type=\"widget\" data-e-type=\"widget\" data-widget_type=\"heading.default\">\n\t\t\t\t\t<h2 class=\"elementor-heading-title elementor-size-default\">Bele patofnice<\/h2>\t\t\t\t<\/div>\n\t\t\t\t<\/div>\n\t\t<div class=\"elementor-element elementor-element-57b8290 e-con-full e-flex e-con e-child\" data-id=\"57b8290\" data-element_type=\"container\" data-e-type=\"container\">\n\t\t\t\t<div class=\"elementor-element elementor-element-b71292e elementor-widget elementor-widget-heading\" data-id=\"b71292e\" data-element_type=\"widget\" data-e-type=\"widget\" data-widget_type=\"heading.default\">\n\t\t\t\t\t<h2 class=\"elementor-heading-title elementor-size-default\">Karamel patofnice<\/h2>\t\t\t\t<\/div>\n\t\t\t\t<\/div>\n\t\t<div class=\"elementor-element elementor-element-a554732 e-con-full e-flex e-con e-child\" data-id=\"a554732\" data-element_type=\"container\" data-e-type=\"container\">\n\t\t\t\t<div class=\"elementor-element elementor-element-9afc12a elementor-widget elementor-widget-image\" data-id=\"9afc12a\" data-element_type=\"widget\" data-e-type=\"widget\" data-widget_type=\"image.default\">\n\t\t\t\t\t\t\t\t\t\t\t\t\t\t\t<img loading=\"lazy\" decoding=\"async\" width=\"800\" height=\"534\" src=\"https:\/\/212.edukovac.xyz\/wp-content\/uploads\/2026\/03\/1000007897-1024x683.png\" class=\"attachment-large size-large wp-image-83\" alt=\"\" srcset=\"https:\/\/212.edukovac.xyz\/wp-content\/uploads\/2026\/03\/1000007897-1024x683.png 1024w, https:\/\/212.edukovac.xyz\/wp-content\/uploads\/2026\/03\/1000007897-300x200.png 300w, https:\/\/212.edukovac.xyz\/wp-content\/uploads\/2026\/03\/1000007897-768x512.png 768w, https:\/\/212.edukovac.xyz\/wp-content\/uploads\/2026\/03\/1000007897.png 1536w\" sizes=\"(max-width: 800px) 100vw, 800px\" \/>\t\t\t\t\t\t\t\t\t\t\t\t\t\t\t<\/div>\n\t\t\t\t<\/div>\n\t\t<div class=\"elementor-element elementor-element-cf9718d e-con-full e-flex e-con e-child\" data-id=\"cf9718d\" data-element_type=\"container\" data-e-type=\"container\">\n\t\t\t\t<div class=\"elementor-element elementor-element-be05e09 elementor-widget elementor-widget-image\" data-id=\"be05e09\" data-element_type=\"widget\" data-e-type=\"widget\" data-widget_type=\"image.default\">\n\t\t\t\t\t\t\t\t\t\t\t\t\t\t\t<img loading=\"lazy\" decoding=\"async\" width=\"800\" height=\"534\" src=\"https:\/\/212.edukovac.xyz\/wp-content\/uploads\/2026\/03\/1000007898-1024x683.png\" class=\"attachment-large size-large wp-image-84\" alt=\"\" srcset=\"https:\/\/212.edukovac.xyz\/wp-content\/uploads\/2026\/03\/1000007898-1024x683.png 1024w, https:\/\/212.edukovac.xyz\/wp-content\/uploads\/2026\/03\/1000007898-300x200.png 300w, https:\/\/212.edukovac.xyz\/wp-content\/uploads\/2026\/03\/1000007898-768x512.png 768w, https:\/\/212.edukovac.xyz\/wp-content\/uploads\/2026\/03\/1000007898.png 1536w\" sizes=\"(max-width: 800px) 100vw, 800px\" \/>\t\t\t\t\t\t\t\t\t\t\t\t\t\t\t<\/div>\n\t\t\t\t<\/div>\n\t\t\t\t\t<\/div>\n\t\t\t\t<\/div>\n\t\t\t\t<\/div>\n\t\t","protected":false},"excerpt":{"rendered":"<p>Kolekcija Lenami Handmade Ru\u010dno ra\u0111eni komadi ispunjeni ne\u017eno\u0161\u0107u, toplinom i pa\u017enjom \u0106ebenca Roze \u0107ebence Plavo \u0107ebence Maslinasto \u0107ebence Karamel \u0107ebence Patofnice Roze patofnice Plave patofnice Bele patofnice Karamel patofnice<\/p>\n","protected":false},"author":1,"featured_media":0,"parent":0,"menu_order":0,"comment_status":"closed","ping_status":"closed","template":"","meta":{"footnotes":""},"class_list":["post-65","page","type-page","status-publish","hentry"],"jetpack_sharing_enabled":true,"_links":{"self":[{"href":"https:\/\/212.edukovac.xyz\/index.php\/wp-json\/wp\/v2\/pages\/65","targetHints":{"allow":["GET"]}}],"collection":[{"href":"https:\/\/212.edukovac.xyz\/index.php\/wp-json\/wp\/v2\/pages"}],"about":[{"href":"https:\/\/212.edukovac.xyz\/index.php\/wp-json\/wp\/v2\/types\/page"}],"author":[{"embeddable":true,"href":"https:\/\/212.edukovac.xyz\/index.php\/wp-json\/wp\/v2\/users\/1"}],"replies":[{"embeddable":true,"href":"https:\/\/212.edukovac.xyz\/index.php\/wp-json\/wp\/v2\/comments?post=65"}],"version-history":[{"count":13,"href":"https:\/\/212.edukovac.xyz\/index.php\/wp-json\/wp\/v2\/pages\/65\/revisions"}],"predecessor-version":[{"id":115,"href":"https:\/\/212.edukovac.xyz\/index.php\/wp-json\/wp\/v2\/pages\/65\/revisions\/115"}],"wp:attachment":[{"href":"https:\/\/212.edukovac.xyz\/index.php\/wp-json\/wp\/v2\/media?parent=65"}],"curies":[{"name":"wp","href":"https:\/\/api.w.org\/{rel}","templated":true}]}}