{"id":59,"date":"2026-02-28T16:33:29","date_gmt":"2026-02-28T16:33:29","guid":{"rendered":"https:\/\/212.edukovac.xyz\/?page_id=59"},"modified":"2026-03-17T11:27:04","modified_gmt":"2026-03-17T11:27:04","slug":"lenami-o-nama","status":"publish","type":"page","link":"https:\/\/212.edukovac.xyz\/index.php\/lenami-o-nama\/","title":{"rendered":"Lenami o nama"},"content":{"rendered":"\t\t<div data-elementor-type=\"wp-page\" data-elementor-id=\"59\" class=\"elementor elementor-59\" data-elementor-post-type=\"page\">\n\t\t\t\t<div class=\"elementor-element elementor-element-3fab7ed e-flex e-con-boxed e-con e-parent\" data-id=\"3fab7ed\" data-element_type=\"container\" data-e-type=\"container\">\n\t\t\t\t\t<div class=\"e-con-inner\">\n\t\t\t\t<div class=\"elementor-element elementor-element-9fd6fd8 elementor-widget elementor-widget-heading\" data-id=\"9fd6fd8\" data-element_type=\"widget\" data-e-type=\"widget\" data-widget_type=\"heading.default\">\n\t\t\t\t\t<h2 class=\"elementor-heading-title elementor-size-default\">Pri\u010da o Lenami<\/h2>\t\t\t\t<\/div>\n\t\t\t\t\t<\/div>\n\t\t\t\t<\/div>\n\t\t<div class=\"elementor-element elementor-element-06b7430 e-flex e-con-boxed e-con e-parent\" data-id=\"06b7430\" data-element_type=\"container\" data-e-type=\"container\">\n\t\t\t\t\t<div class=\"e-con-inner\">\n\t\t\t\t<div class=\"elementor-element elementor-element-0ca8c75 elementor-widget elementor-widget-text-editor\" data-id=\"0ca8c75\" data-element_type=\"widget\" data-e-type=\"widget\" data-widget_type=\"text-editor.default\">\n\t\t\t\t\t\t\t\t\t<p>\u00a0<\/p><p><em><strong>Lenami je nastala iz ljubavi prema ru\u010dnom radu, toplini doma i \u017eelji da mali\u0161ani dobiju ne\u0161to posebno &#8211; izra\u0111eno pa\u017eljivo i sa puno ljubavi.<\/strong><\/em><\/p>\t\t\t\t\t\t\t\t<\/div>\n\t\t\t\t\t<\/div>\n\t\t\t\t<\/div>\n\t\t<div class=\"elementor-element elementor-element-93712e1 e-flex e-con-boxed e-con e-parent\" data-id=\"93712e1\" data-element_type=\"container\" data-e-type=\"container\" data-settings=\"{&quot;background_background&quot;:&quot;classic&quot;}\">\n\t\t\t\t\t<div class=\"e-con-inner\">\n\t\t\t\t<div class=\"elementor-element elementor-element-5dacff5 elementor-widget elementor-widget-heading\" data-id=\"5dacff5\" data-element_type=\"widget\" data-e-type=\"widget\" data-widget_type=\"heading.default\">\n\t\t\t\t\t<h2 class=\"elementor-heading-title elementor-size-default\">Kako je sve po\u010delo<\/h2>\t\t\t\t<\/div>\n\t\t\t\t\t<\/div>\n\t\t\t\t<\/div>\n\t\t<div class=\"elementor-element elementor-element-04c6302 e-flex e-con-boxed e-con e-parent\" data-id=\"04c6302\" data-element_type=\"container\" data-e-type=\"container\">\n\t\t\t\t\t<div class=\"e-con-inner\">\n\t\t<div class=\"elementor-element elementor-element-401b539 e-con-full e-flex e-con e-child\" data-id=\"401b539\" data-element_type=\"container\" data-e-type=\"container\">\n\t\t\t\t<div class=\"elementor-element elementor-element-358bd75 elementor-widget elementor-widget-image\" data-id=\"358bd75\" data-element_type=\"widget\" data-e-type=\"widget\" data-widget_type=\"image.default\">\n\t\t\t\t\t\t\t\t\t\t\t\t\t\t\t<img fetchpriority=\"high\" decoding=\"async\" width=\"768\" height=\"512\" src=\"https:\/\/212.edukovac.xyz\/wp-content\/uploads\/2026\/02\/1000007829-768x512.png\" class=\"attachment-medium_large size-medium_large wp-image-61\" alt=\"\" srcset=\"https:\/\/212.edukovac.xyz\/wp-content\/uploads\/2026\/02\/1000007829-768x512.png 768w, https:\/\/212.edukovac.xyz\/wp-content\/uploads\/2026\/02\/1000007829-300x200.png 300w, https:\/\/212.edukovac.xyz\/wp-content\/uploads\/2026\/02\/1000007829-1024x683.png 1024w, https:\/\/212.edukovac.xyz\/wp-content\/uploads\/2026\/02\/1000007829.png 1536w\" sizes=\"(max-width: 768px) 100vw, 768px\" \/>\t\t\t\t\t\t\t\t\t\t\t\t\t\t\t<\/div>\n\t\t\t\t<\/div>\n\t\t<div class=\"elementor-element elementor-element-a537ff6 e-con-full e-flex e-con e-child\" data-id=\"a537ff6\" data-element_type=\"container\" data-e-type=\"container\">\n\t\t\t\t<div class=\"elementor-element elementor-element-c443148 elementor-widget elementor-widget-text-editor\" data-id=\"c443148\" data-element_type=\"widget\" data-e-type=\"widget\" data-widget_type=\"text-editor.default\">\n\t\t\t\t\t\t\t\t\t<p>Ideja za Lenami rodila se iz \u017eelje da stvaramo ne\u017ene, ru\u010dno ra\u0111ene proizvode za bebe i decu.<\/p><p>Svaki komad nastaje pa\u017eljivo, bez \u017eurbe i masovne proizvodnje.<\/p><p>Verujemo u kvalitet, prirodne materjale i toplinu koja traje.<\/p>\t\t\t\t\t\t\t\t<\/div>\n\t\t\t\t<\/div>\n\t\t\t\t\t<\/div>\n\t\t\t\t<\/div>\n\t\t<div class=\"elementor-element elementor-element-3693404 e-flex e-con-boxed e-con e-parent\" data-id=\"3693404\" data-element_type=\"container\" data-e-type=\"container\">\n\t\t\t\t\t<div class=\"e-con-inner\">\n\t\t\t\t<div class=\"elementor-element elementor-element-67c8765 elementor-widget-divider--view-line elementor-widget elementor-widget-divider\" data-id=\"67c8765\" data-element_type=\"widget\" data-e-type=\"widget\" data-widget_type=\"divider.default\">\n\t\t\t\t\t\t\t<div class=\"elementor-divider\">\n\t\t\t<span class=\"elementor-divider-separator\">\n\t\t\t\t\t\t<\/span>\n\t\t<\/div>\n\t\t\t\t\t\t<\/div>\n\t\t\t\t\t<\/div>\n\t\t\t\t<\/div>\n\t\t<div class=\"elementor-element elementor-element-958fd19 e-flex e-con-boxed e-con e-parent\" data-id=\"958fd19\" data-element_type=\"container\" data-e-type=\"container\">\n\t\t\t\t\t<div class=\"e-con-inner\">\n\t\t\t\t<div class=\"elementor-element elementor-element-118c9f8 elementor-widget elementor-widget-heading\" data-id=\"118c9f8\" data-element_type=\"widget\" data-e-type=\"widget\" data-widget_type=\"heading.default\">\n\t\t\t\t\t<h2 class=\"elementor-heading-title elementor-size-default\">Standardi koje negujemo<\/h2>\t\t\t\t<\/div>\n\t\t\t\t\t<\/div>\n\t\t\t\t<\/div>\n\t\t<div class=\"elementor-element elementor-element-0855dfe e-flex e-con-boxed e-con e-parent\" data-id=\"0855dfe\" data-element_type=\"container\" data-e-type=\"container\">\n\t\t\t\t\t<div class=\"e-con-inner\">\n\t\t\t\t<div class=\"elementor-element elementor-element-d706413 elementor-widget-divider--view-line elementor-widget elementor-widget-divider\" data-id=\"d706413\" data-element_type=\"widget\" data-e-type=\"widget\" data-widget_type=\"divider.default\">\n\t\t\t\t\t\t\t<div class=\"elementor-divider\">\n\t\t\t<span class=\"elementor-divider-separator\">\n\t\t\t\t\t\t<\/span>\n\t\t<\/div>\n\t\t\t\t\t\t<\/div>\n\t\t\t\t\t<\/div>\n\t\t\t\t<\/div>\n\t\t<div class=\"elementor-element elementor-element-1c141d6 e-flex e-con-boxed e-con e-parent\" data-id=\"1c141d6\" data-element_type=\"container\" data-e-type=\"container\">\n\t\t\t\t\t<div class=\"e-con-inner\">\n\t\t<div class=\"elementor-element elementor-element-bbd0d6c e-con-full e-flex e-con e-child\" data-id=\"bbd0d6c\" data-element_type=\"container\" data-e-type=\"container\">\n\t\t\t\t<div class=\"elementor-element elementor-element-47ba942 elementor-widget elementor-widget-heading\" data-id=\"47ba942\" data-element_type=\"widget\" data-e-type=\"widget\" data-widget_type=\"heading.default\">\n\t\t\t\t\t<h2 class=\"elementor-heading-title elementor-size-default\">Pa\u017enja u svakom detalju<\/h2>\t\t\t\t<\/div>\n\t\t\t\t<\/div>\n\t\t<div class=\"elementor-element elementor-element-62f164f e-con-full e-flex e-con e-child\" data-id=\"62f164f\" data-element_type=\"container\" data-e-type=\"container\">\n\t\t\t\t<div class=\"elementor-element elementor-element-311aea7 elementor-widget elementor-widget-heading\" data-id=\"311aea7\" data-element_type=\"widget\" data-e-type=\"widget\" data-widget_type=\"heading.default\">\n\t\t\t\t\t<h2 class=\"elementor-heading-title elementor-size-default\">Prirodni i ne\u017eni materijali<\/h2>\t\t\t\t<\/div>\n\t\t\t\t<\/div>\n\t\t<div class=\"elementor-element elementor-element-497d230 e-con-full e-flex e-con e-child\" data-id=\"497d230\" data-element_type=\"container\" data-e-type=\"container\">\n\t\t\t\t<div class=\"elementor-element elementor-element-cb32e03 elementor-widget elementor-widget-heading\" data-id=\"cb32e03\" data-element_type=\"widget\" data-e-type=\"widget\" data-widget_type=\"heading.default\">\n\t\t\t\t\t<h2 class=\"elementor-heading-title elementor-size-default\">Ru\u010dni rad s ljubavlju<\/h2>\t\t\t\t<\/div>\n\t\t\t\t<\/div>\n\t\t\t\t\t<\/div>\n\t\t\t\t<\/div>\n\t\t<div class=\"elementor-element elementor-element-83b9f35 e-flex e-con-boxed e-con e-parent\" data-id=\"83b9f35\" data-element_type=\"container\" data-e-type=\"container\">\n\t\t\t\t\t<div class=\"e-con-inner\">\n\t\t<div class=\"elementor-element elementor-element-0aab776 e-con-full e-flex e-con e-child\" data-id=\"0aab776\" data-element_type=\"container\" data-e-type=\"container\">\n\t\t\t\t<div class=\"elementor-element elementor-element-8981bbb elementor-widget elementor-widget-text-editor\" data-id=\"8981bbb\" data-element_type=\"widget\" data-e-type=\"widget\" data-widget_type=\"text-editor.default\">\n\t\t\t\t\t\t\t\t\t<p>Svaki komad izra\u0111ujemo pa\u017eljivo i bez kompromisa kada je kvalitet u pitanju<\/p>\t\t\t\t\t\t\t\t<\/div>\n\t\t\t\t<\/div>\n\t\t<div class=\"elementor-element elementor-element-da5ae7a e-con-full e-flex e-con e-child\" data-id=\"da5ae7a\" data-element_type=\"container\" data-e-type=\"container\">\n\t\t\t\t<div class=\"elementor-element elementor-element-293d4b7 elementor-widget elementor-widget-text-editor\" data-id=\"293d4b7\" data-element_type=\"widget\" data-e-type=\"widget\" data-widget_type=\"text-editor.default\">\n\t\t\t\t\t\t\t\t\t<p>Biramo materjale koji su sigurni,<\/p><p>mekani i prilago\u0111eni najosetljivijoj ko\u017ei.<\/p>\t\t\t\t\t\t\t\t<\/div>\n\t\t\t\t<\/div>\n\t\t<div class=\"elementor-element elementor-element-7c4d671 e-con-full e-flex e-con e-child\" data-id=\"7c4d671\" data-element_type=\"container\" data-e-type=\"container\">\n\t\t\t\t<div class=\"elementor-element elementor-element-ce645bf elementor-widget elementor-widget-text-editor\" data-id=\"ce645bf\" data-element_type=\"widget\" data-e-type=\"widget\" data-widget_type=\"text-editor.default\">\n\t\t\t\t\t\t\t\t\t<p>Svaki proizvod nosi toplinu, posve\u0107enost i pri\u010du koja traje.<\/p>\t\t\t\t\t\t\t\t<\/div>\n\t\t\t\t<\/div>\n\t\t\t\t\t<\/div>\n\t\t\t\t<\/div>\n\t\t\t\t<\/div>\n\t\t","protected":false},"excerpt":{"rendered":"<p>Pri\u010da o Lenami \u00a0 Lenami je nastala iz ljubavi prema ru\u010dnom radu, toplini doma i \u017eelji da mali\u0161ani dobiju ne\u0161to posebno &#8211; izra\u0111eno pa\u017eljivo i sa puno ljubavi. Kako je sve po\u010delo Ideja za Lenami rodila se iz \u017eelje da stvaramo ne\u017ene, ru\u010dno ra\u0111ene proizvode za bebe i decu. Svaki komad nastaje pa\u017eljivo, bez \u017eurbe [&hellip;]<\/p>\n","protected":false},"author":1,"featured_media":0,"parent":0,"menu_order":0,"comment_status":"closed","ping_status":"closed","template":"","meta":{"footnotes":""},"class_list":["post-59","page","type-page","status-publish","hentry"],"jetpack_sharing_enabled":true,"_links":{"self":[{"href":"https:\/\/212.edukovac.xyz\/index.php\/wp-json\/wp\/v2\/pages\/59","targetHints":{"allow":["GET"]}}],"collection":[{"href":"https:\/\/212.edukovac.xyz\/index.php\/wp-json\/wp\/v2\/pages"}],"about":[{"href":"https:\/\/212.edukovac.xyz\/index.php\/wp-json\/wp\/v2\/types\/page"}],"author":[{"embeddable":true,"href":"https:\/\/212.edukovac.xyz\/index.php\/wp-json\/wp\/v2\/users\/1"}],"replies":[{"embeddable":true,"href":"https:\/\/212.edukovac.xyz\/index.php\/wp-json\/wp\/v2\/comments?post=59"}],"version-history":[{"count":7,"href":"https:\/\/212.edukovac.xyz\/index.php\/wp-json\/wp\/v2\/pages\/59\/revisions"}],"predecessor-version":[{"id":107,"href":"https:\/\/212.edukovac.xyz\/index.php\/wp-json\/wp\/v2\/pages\/59\/revisions\/107"}],"wp:attachment":[{"href":"https:\/\/212.edukovac.xyz\/index.php\/wp-json\/wp\/v2\/media?parent=59"}],"curies":[{"name":"wp","href":"https:\/\/api.w.org\/{rel}","templated":true}]}}