{"id":49,"date":"2026-02-26T22:19:40","date_gmt":"2026-02-26T22:19:40","guid":{"rendered":"https:\/\/212.edukovac.xyz\/?page_id=49"},"modified":"2026-03-17T12:21:27","modified_gmt":"2026-03-17T12:21:27","slug":"l","status":"publish","type":"page","link":"https:\/\/212.edukovac.xyz\/index.php\/l\/","title":{"rendered":"L"},"content":{"rendered":"\t\t<div data-elementor-type=\"wp-page\" data-elementor-id=\"49\" class=\"elementor elementor-49\" data-elementor-post-type=\"page\">\n\t\t\t\t<div class=\"elementor-element elementor-element-d8ba51a e-flex e-con-boxed e-con e-parent\" data-id=\"d8ba51a\" data-element_type=\"container\" data-e-type=\"container\">\n\t\t\t\t\t<div class=\"e-con-inner\">\n\t\t\t\t<div class=\"elementor-element elementor-element-963269c elementor-widget elementor-widget-heading\" data-id=\"963269c\" data-element_type=\"widget\" data-e-type=\"widget\" data-widget_type=\"heading.default\">\n\t\t\t\t\t<h2 class=\"elementor-heading-title elementor-size-default\">Lenami Handmade<\/h2>\t\t\t\t<\/div>\n\t\t\t\t\t<\/div>\n\t\t\t\t<\/div>\n\t\t<div class=\"elementor-element elementor-element-b26619f e-con-full e-flex e-con e-parent\" data-id=\"b26619f\" data-element_type=\"container\" data-e-type=\"container\" data-settings=\"{&quot;background_background&quot;:&quot;classic&quot;}\">\n\t\t<div class=\"elementor-element elementor-element-395327f e-con-full e-flex e-con e-child\" data-id=\"395327f\" data-element_type=\"container\" data-e-type=\"container\">\n\t\t\t\t<div class=\"elementor-element elementor-element-82c5c39 elementor-widget elementor-widget-heading\" data-id=\"82c5c39\" data-element_type=\"widget\" data-e-type=\"widget\" data-widget_type=\"heading.default\">\n\t\t\t\t\t<h2 class=\"elementor-heading-title elementor-size-default\">Ru\u010dno pleteno za male snove<\/h2>\t\t\t\t<\/div>\n\t\t\t\t<\/div>\n\t\t<div class=\"elementor-element elementor-element-8bfd708 e-con-full e-flex e-con e-child\" data-id=\"8bfd708\" data-element_type=\"container\" data-e-type=\"container\">\n\t\t\t\t<div class=\"elementor-element elementor-element-ba9177b elementor-widget elementor-widget-image\" data-id=\"ba9177b\" data-element_type=\"widget\" data-e-type=\"widget\" data-widget_type=\"image.default\">\n\t\t\t\t\t\t\t\t\t\t\t\t\t\t\t<img fetchpriority=\"high\" decoding=\"async\" width=\"300\" height=\"300\" src=\"https:\/\/212.edukovac.xyz\/wp-content\/uploads\/2026\/02\/file_000000008ca07243a6182f15f0a96128-1-300x300.png\" class=\"attachment-medium size-medium wp-image-53\" alt=\"\" srcset=\"https:\/\/212.edukovac.xyz\/wp-content\/uploads\/2026\/02\/file_000000008ca07243a6182f15f0a96128-1-300x300.png 300w, https:\/\/212.edukovac.xyz\/wp-content\/uploads\/2026\/02\/file_000000008ca07243a6182f15f0a96128-1-150x150.png 150w, https:\/\/212.edukovac.xyz\/wp-content\/uploads\/2026\/02\/file_000000008ca07243a6182f15f0a96128-1-768x768.png 768w, https:\/\/212.edukovac.xyz\/wp-content\/uploads\/2026\/02\/file_000000008ca07243a6182f15f0a96128-1.png 1024w\" sizes=\"(max-width: 300px) 100vw, 300px\" \/>\t\t\t\t\t\t\t\t\t\t\t\t\t\t\t<\/div>\n\t\t\t\t<\/div>\n\t\t\t\t<\/div>\n\t\t<div class=\"elementor-element elementor-element-cb5b930 e-flex e-con-boxed e-con e-parent\" data-id=\"cb5b930\" data-element_type=\"container\" data-e-type=\"container\">\n\t\t\t\t\t<div class=\"e-con-inner\">\n\t\t\t\t<div class=\"elementor-element elementor-element-5c697b3 elementor-widget elementor-widget-text-editor\" data-id=\"5c697b3\" data-element_type=\"widget\" data-e-type=\"widget\" data-widget_type=\"text-editor.default\">\n\t\t\t\t\t\t\t\t\t<p>Lenami handmade donosi ne\u017ene, ru\u010dno ra\u0111ene proizvode za bebe i decu.<\/p><p>Svaki komad nastaje pa\u017eljivo s ljubavlju i posebnom pa\u017enjom prema detaljima.<\/p><p>Biramo prirodne materjale i stvaramo toplinu koja traje.<\/p>\t\t\t\t\t\t\t\t<\/div>\n\t\t\t\t\t<\/div>\n\t\t\t\t<\/div>\n\t\t<div class=\"elementor-element elementor-element-3ffa4a6 e-flex e-con-boxed e-con e-parent\" data-id=\"3ffa4a6\" data-element_type=\"container\" data-e-type=\"container\">\n\t\t\t\t\t<div class=\"e-con-inner\">\n\t\t\t\t<div class=\"elementor-element elementor-element-7f480c7 elementor-widget-divider--view-line elementor-widget elementor-widget-divider\" data-id=\"7f480c7\" data-element_type=\"widget\" data-e-type=\"widget\" data-widget_type=\"divider.default\">\n\t\t\t\t\t\t\t<div class=\"elementor-divider\">\n\t\t\t<span class=\"elementor-divider-separator\">\n\t\t\t\t\t\t<\/span>\n\t\t<\/div>\n\t\t\t\t\t\t<\/div>\n\t\t\t\t\t<\/div>\n\t\t\t\t<\/div>\n\t\t<div class=\"elementor-element elementor-element-3fa04a9 e-flex e-con-boxed e-con e-parent\" data-id=\"3fa04a9\" data-element_type=\"container\" data-e-type=\"container\">\n\t\t\t\t\t<div class=\"e-con-inner\">\n\t\t\t\t<div class=\"elementor-element elementor-element-3cc9d16 elementor-widget elementor-widget-image\" data-id=\"3cc9d16\" data-element_type=\"widget\" data-e-type=\"widget\" data-widget_type=\"image.default\">\n\t\t\t\t\t\t\t\t\t\t\t\t\t\t\t<img decoding=\"async\" width=\"200\" height=\"300\" src=\"https:\/\/212.edukovac.xyz\/wp-content\/uploads\/2026\/02\/file_0000000062b471f499f8ae61694e08f6-1-200x300.png\" class=\"attachment-medium size-medium wp-image-55\" alt=\"\" srcset=\"https:\/\/212.edukovac.xyz\/wp-content\/uploads\/2026\/02\/file_0000000062b471f499f8ae61694e08f6-1-200x300.png 200w, https:\/\/212.edukovac.xyz\/wp-content\/uploads\/2026\/02\/file_0000000062b471f499f8ae61694e08f6-1-683x1024.png 683w, https:\/\/212.edukovac.xyz\/wp-content\/uploads\/2026\/02\/file_0000000062b471f499f8ae61694e08f6-1-768x1152.png 768w, https:\/\/212.edukovac.xyz\/wp-content\/uploads\/2026\/02\/file_0000000062b471f499f8ae61694e08f6-1.png 1024w\" sizes=\"(max-width: 200px) 100vw, 200px\" \/>\t\t\t\t\t\t\t\t\t\t\t\t\t\t\t<\/div>\n\t\t\t\t\t<\/div>\n\t\t\t\t<\/div>\n\t\t<div class=\"elementor-element elementor-element-9280740 e-flex e-con-boxed e-con e-parent\" data-id=\"9280740\" data-element_type=\"container\" data-e-type=\"container\">\n\t\t\t\t\t<div class=\"e-con-inner\">\n\t\t\t\t<div class=\"elementor-element elementor-element-8b20dbc elementor-align-center elementor-widget elementor-widget-button\" data-id=\"8b20dbc\" data-element_type=\"widget\" data-e-type=\"widget\" data-widget_type=\"button.default\">\n\t\t\t\t\t\t\t\t\t\t<a class=\"elementor-button elementor-button-link elementor-size-sm\" href=\"#\">\n\t\t\t\t\t\t<span class=\"elementor-button-content-wrapper\">\n\t\t\t\t\t\t\t\t\t<span class=\"elementor-button-text\">Pogledaj kolekciju<\/span>\n\t\t\t\t\t<\/span>\n\t\t\t\t\t<\/a>\n\t\t\t\t\t\t\t\t<\/div>\n\t\t\t\t\t<\/div>\n\t\t\t\t<\/div>\n\t\t<div class=\"elementor-element elementor-element-9d8f01e e-flex e-con-boxed e-con e-parent\" data-id=\"9d8f01e\" data-element_type=\"container\" data-e-type=\"container\">\n\t\t\t\t\t<div class=\"e-con-inner\">\n\t\t\t\t<div class=\"elementor-element elementor-element-9d7956a elementor-widget-divider--view-line elementor-widget elementor-widget-divider\" data-id=\"9d7956a\" data-element_type=\"widget\" data-e-type=\"widget\" data-widget_type=\"divider.default\">\n\t\t\t\t\t\t\t<div class=\"elementor-divider\">\n\t\t\t<span class=\"elementor-divider-separator\">\n\t\t\t\t\t\t<\/span>\n\t\t<\/div>\n\t\t\t\t\t\t<\/div>\n\t\t\t\t\t<\/div>\n\t\t\t\t<\/div>\n\t\t<div class=\"elementor-element elementor-element-86d532e e-flex e-con-boxed e-con e-parent\" data-id=\"86d532e\" data-element_type=\"container\" data-e-type=\"container\">\n\t\t\t\t\t<div class=\"e-con-inner\">\n\t\t\t\t<div class=\"elementor-element elementor-element-7b22003 elementor-widget elementor-widget-heading\" data-id=\"7b22003\" data-element_type=\"widget\" data-e-type=\"widget\" data-widget_type=\"heading.default\">\n\t\t\t\t\t<h2 class=\"elementor-heading-title elementor-size-default\">Za\u0161to odabrati Lenami Handmade?<\/h2>\t\t\t\t<\/div>\n\t\t\t\t\t<\/div>\n\t\t\t\t<\/div>\n\t\t<div class=\"elementor-element elementor-element-1ec370b e-flex e-con-boxed e-con e-parent\" data-id=\"1ec370b\" data-element_type=\"container\" data-e-type=\"container\">\n\t\t\t\t\t<div class=\"e-con-inner\">\n\t\t\t\t<div class=\"elementor-element elementor-element-024bb11 elementor-widget-divider--view-line elementor-widget elementor-widget-divider\" data-id=\"024bb11\" data-element_type=\"widget\" data-e-type=\"widget\" data-widget_type=\"divider.default\">\n\t\t\t\t\t\t\t<div class=\"elementor-divider\">\n\t\t\t<span class=\"elementor-divider-separator\">\n\t\t\t\t\t\t<\/span>\n\t\t<\/div>\n\t\t\t\t\t\t<\/div>\n\t\t\t\t\t<\/div>\n\t\t\t\t<\/div>\n\t\t<div class=\"elementor-element elementor-element-2f3397e e-flex e-con-boxed e-con e-parent\" data-id=\"2f3397e\" data-element_type=\"container\" data-e-type=\"container\">\n\t\t\t\t\t<div class=\"e-con-inner\">\n\t\t<div class=\"elementor-element elementor-element-98e8035 e-con-full e-flex e-con e-child\" data-id=\"98e8035\" data-element_type=\"container\" data-e-type=\"container\">\n\t\t\t\t<div class=\"elementor-element elementor-element-f063a7c elementor-widget elementor-widget-heading\" data-id=\"f063a7c\" data-element_type=\"widget\" data-e-type=\"widget\" data-widget_type=\"heading.default\">\n\t\t\t\t\t<h2 class=\"elementor-heading-title elementor-size-default\">Ru\u010dno ra\u0111eno<\/h2>\t\t\t\t<\/div>\n\t\t\t\t<\/div>\n\t\t<div class=\"elementor-element elementor-element-640ebf7 e-con-full e-flex e-con e-child\" data-id=\"640ebf7\" data-element_type=\"container\" data-e-type=\"container\">\n\t\t\t\t<div class=\"elementor-element elementor-element-85152ac elementor-widget elementor-widget-heading\" data-id=\"85152ac\" data-element_type=\"widget\" data-e-type=\"widget\" data-widget_type=\"heading.default\">\n\t\t\t\t\t<h2 class=\"elementor-heading-title elementor-size-default\">Koristimo prirodne materjale<\/h2>\t\t\t\t<\/div>\n\t\t\t\t<\/div>\n\t\t<div class=\"elementor-element elementor-element-1c42397 e-con-full e-flex e-con e-child\" data-id=\"1c42397\" data-element_type=\"container\" data-e-type=\"container\">\n\t\t\t\t<div class=\"elementor-element elementor-element-833749a elementor-widget elementor-widget-heading\" data-id=\"833749a\" data-element_type=\"widget\" data-e-type=\"widget\" data-widget_type=\"heading.default\">\n\t\t\t\t\t<h2 class=\"elementor-heading-title elementor-size-default\">Izrada po \u017eelji<\/h2>\t\t\t\t<\/div>\n\t\t\t\t<\/div>\n\t\t\t\t\t<\/div>\n\t\t\t\t<\/div>\n\t\t<div class=\"elementor-element elementor-element-62ad64f e-flex e-con-boxed e-con e-parent\" data-id=\"62ad64f\" data-element_type=\"container\" data-e-type=\"container\">\n\t\t\t\t\t<div class=\"e-con-inner\">\n\t\t<div class=\"elementor-element elementor-element-e9b6a05 e-con-full e-flex e-con e-child\" data-id=\"e9b6a05\" data-element_type=\"container\" data-e-type=\"container\">\n\t\t\t\t<div class=\"elementor-element elementor-element-a2b0934 elementor-widget elementor-widget-text-editor\" data-id=\"a2b0934\" data-element_type=\"widget\" data-e-type=\"widget\" data-widget_type=\"text-editor.default\">\n\t\t\t\t\t\t\t\t\t<p>Svi proizvodi izra\u0111eni su ru\u010dno i bez masovne proizvodnje.<\/p>\t\t\t\t\t\t\t\t<\/div>\n\t\t\t\t<\/div>\n\t\t<div class=\"elementor-element elementor-element-01164f4 e-con-full e-flex e-con e-child\" data-id=\"01164f4\" data-element_type=\"container\" data-e-type=\"container\">\n\t\t\t\t<div class=\"elementor-element elementor-element-a815611 elementor-widget elementor-widget-text-editor\" data-id=\"a815611\" data-element_type=\"widget\" data-e-type=\"widget\" data-widget_type=\"text-editor.default\">\n\t\t\t\t\t\t\t\t\t<p>Koristimo ne\u017ene i sigurne materijale prilago\u0111ene bebinoj ko\u017ei.<\/p>\t\t\t\t\t\t\t\t<\/div>\n\t\t\t\t<\/div>\n\t\t<div class=\"elementor-element elementor-element-ec9f045 e-con-full e-flex e-con e-child\" data-id=\"ec9f045\" data-element_type=\"container\" data-e-type=\"container\">\n\t\t\t\t<div class=\"elementor-element elementor-element-408fadb elementor-widget elementor-widget-text-editor\" data-id=\"408fadb\" data-element_type=\"widget\" data-e-type=\"widget\" data-widget_type=\"text-editor.default\">\n\t\t\t\t\t\t\t\t\t<p>Boje i detalji mogu se prilagoditi Va\u0161im \u017eeljama.<\/p>\t\t\t\t\t\t\t\t<\/div>\n\t\t\t\t<\/div>\n\t\t\t\t\t<\/div>\n\t\t\t\t<\/div>\n\t\t\t\t<\/div>\n\t\t","protected":false},"excerpt":{"rendered":"<p>Lenami Handmade Ru\u010dno pleteno za male snove Lenami handmade donosi ne\u017ene, ru\u010dno ra\u0111ene proizvode za bebe i decu. Svaki komad nastaje pa\u017eljivo s ljubavlju i posebnom pa\u017enjom prema detaljima. Biramo prirodne materjale i stvaramo toplinu koja traje. Pogledaj kolekciju Za\u0161to odabrati Lenami Handmade? Ru\u010dno ra\u0111eno Koristimo prirodne materjale Izrada po \u017eelji Svi proizvodi izra\u0111eni su [&hellip;]<\/p>\n","protected":false},"author":1,"featured_media":0,"parent":0,"menu_order":0,"comment_status":"closed","ping_status":"closed","template":"","meta":{"footnotes":""},"class_list":["post-49","page","type-page","status-publish","hentry"],"jetpack_sharing_enabled":true,"_links":{"self":[{"href":"https:\/\/212.edukovac.xyz\/index.php\/wp-json\/wp\/v2\/pages\/49","targetHints":{"allow":["GET"]}}],"collection":[{"href":"https:\/\/212.edukovac.xyz\/index.php\/wp-json\/wp\/v2\/pages"}],"about":[{"href":"https:\/\/212.edukovac.xyz\/index.php\/wp-json\/wp\/v2\/types\/page"}],"author":[{"embeddable":true,"href":"https:\/\/212.edukovac.xyz\/index.php\/wp-json\/wp\/v2\/users\/1"}],"replies":[{"embeddable":true,"href":"https:\/\/212.edukovac.xyz\/index.php\/wp-json\/wp\/v2\/comments?post=49"}],"version-history":[{"count":12,"href":"https:\/\/212.edukovac.xyz\/index.php\/wp-json\/wp\/v2\/pages\/49\/revisions"}],"predecessor-version":[{"id":123,"href":"https:\/\/212.edukovac.xyz\/index.php\/wp-json\/wp\/v2\/pages\/49\/revisions\/123"}],"wp:attachment":[{"href":"https:\/\/212.edukovac.xyz\/index.php\/wp-json\/wp\/v2\/media?parent=49"}],"curies":[{"name":"wp","href":"https:\/\/api.w.org\/{rel}","templated":true}]}}